{"id":2871,"date":"2017-03-21T03:01:57","date_gmt":"2017-03-21T02:01:57","guid":{"rendered":"http:\/\/www.101design.ca\/renovation-condo-renovation-residentielle-renovation-montreal-gestion-de-travaux\/"},"modified":"2023-09-07T15:38:12","modified_gmt":"2023-09-07T19:38:12","slug":"condo-renovation-residential-renovation-turnkey-projects","status":"publish","type":"page","link":"https:\/\/www.101design.ca\/en\/condo-renovation-residential-renovation-turnkey-projects\/","title":{"rendered":"Condo Renovation &#8211; Residential Renovation &#8211; Turnkey Projects"},"content":{"rendered":"<h1>R\u00e9novation condo &#8211; R\u00e9novation r\u00e9sidentielle &#8211; Projets cl\u00e9 en main<\/h1>\n<h2 style=\"text-align: center;\">Quel que soit votre projet.<br \/>\nR\u00e9novation de condo ou r\u00e9sidentiel.<br \/>\nUne cr\u00e9ation de cuisine ou salle de bain sur-mesure.<br \/>\nUne r\u00e9novation avec gestion de travaux  \u00e0 Montr\u00e9al.<\/h2>\n<p>Notre but est de faire \u00e9clore votre projet que ce soit une r\u00e9novation de condo ou r\u00e9sidentiel. Une cuisine, une salle de bains, ou un agrandissement, nous avons les solutions pour mener \u00e0 bien votre id\u00e9e.<\/p>\n<p>no-repeat;center top;;<\/p>\n<p>auto<\/p>\n<p>Heading + desc<\/p>\n<p style=\"text-align: left;\">Pour votre r\u00e9novation r\u00e9sidentielle, nous pouvons vous \u00e9pauler dans l&#8217;int\u00e9gralit\u00e9 de votre projet. Que ce soit dans le choix ou la cr\u00e9ation du design de votre int\u00e9rieur, mais aussi pour le respect de votre budget.<\/p>\n<p>Avant que la r\u00e9novation commence, nous pourrons choisir les diff\u00e9rents intervenants ensemble, ensuite nous pourrons g\u00e9rer les travaux pour que tout se passe dans les meilleures conditions.<\/p>\n<h2 style=\"text-align: center; font-size : 20px\">Nous vous accompagnons tout au long de la gestion des travaux<\/h2>\n<p>La r\u00e9novation r\u00e9sidentielle r\u00e9serve parfois des surprises, en effet la r\u00e9novation \u00e0 Montr\u00e9al est compliqu\u00e9 par le sol qui bouge avec les diff\u00e9rences de temp\u00e9rature.  Nous avons l&#8217;exp\u00e9rience de ces probl\u00e9matiques. C&#8217;est pour que ce type de probl\u00e8me n&#8217;arrive pas que nous \u00e9tudions m\u00e9ticuleusement les lieux de la r\u00e9novation ou de l&#8217;agrandissement. Une fois les bases r\u00e9alis\u00e9es sur plan nous pouvons passer \u00e0 la r\u00e9novation de votre condo.<\/p>\n<p>Plus les choses sont pr\u00e9vus \u00e0 l\u2019avance, moins il y a de probl\u00e8mes par la suite. Nous sommes perfectionnistes, nous mettrons tout en \u0153uvre pour que votre projet soit livr\u00e9 \u00e0 l&#8217;heure et que les finitions soient parfaites. C\u2019est notre marque de fabrique.<br \/>\nVous pouvez voir quelques exemples et r\u00e9alisation de  r\u00e9novation \u00e0 Montr\u00e9al en suivant le lien<\/p>\n<p style=\"text-align: center;\">&gt; <a href=\"http:\/\/101design.ca\/realisation-design-montreal\/\">Design d&#8217;int\u00e9rieur sur-mesure \u00e0 Montr\u00e9al<\/a><\/p>\n<p>no-repeat;center top;;<\/p>\n<p>auto<\/p>\n<p><img decoding=\"async\" src=\"http:\/\/101design.ca\/wp-content\/uploads\/2017\/03\/infographie-design-cle-en-mains.png\" alt=\"R\u00e9novation condo - r\u00e9novation r\u00e9sidentielle - r\u00e9novation \u00e0 montr\u00e9al - Gestion de travaux\"><\/p>\n<p>center<\/p>\n<p>10<\/p>\n<p>Heading + desc<\/p>\n<p><a href=\"http:\/\/101design.ca\/commercial-institutionnel-projet-cle-en-main-marketing-communication\/\"><\/a><\/p>\n<p><a href=\"http:\/\/101design.ca\/commercial-institutionnel-projet-cle-en-main-marketing-communication\/\"><\/a><\/p>\n<p><a href=\"http:\/\/101design.ca\/commercial-institutionnel-projet-cle-en-main-marketing-communication\/\"><\/a><\/p>\n<p><a href=\"http:\/\/101design.ca\/commercial-institutionnel-projet-cle-en-main-marketing-communication\/\"><\/p>\n<p style=\"text-align: left;\">Pour les projets commerciaux nous pouvons \u00e9galement g\u00e9rer toute la partie communication et marketing.<\/p>\n<p style=\"text-align: left;\">Nous pouvons cr\u00e9er votre logo, votre site internet, et votre charte graphique pour qu&#8217;il y ait une vraie ligne de conduite dans votre projet et que les clients vous identifient parfaitement.<\/p>\n<p><\/a><a href=\"http:\/\/101design.ca\/commercial-institutionnel-projet-cle-en-main-marketing-communication\/\"><\/a><a href=\"http:\/\/101design.ca\/commercial-institutionnel-projet-cle-en-main-marketing-communication\/\"><\/a><a href=\"http:\/\/101design.ca\/commercial-institutionnel-projet-cle-en-main-marketing-communication\/\"><\/a><\/p>\n<p>no-repeat;left top;;<\/p>\n<p>auto<\/p>\n<p>10px<\/p>\n<p>0 0 0 55px<\/p>\n<p>border-width: 1px;   border-style: dashed; border-color: #d2003f; padding:10px 5px 25px 20px<\/p>\n","protected":false},"excerpt":{"rendered":"<p>R\u00e9novation condo &#8211; R\u00e9novation r\u00e9sidentielle &#8211; Projets cl\u00e9 en main Quel que soit votre projet. R\u00e9novation de condo ou r\u00e9sidentiel. Une cr\u00e9ation de cuisine ou salle<span class=\"excerpt-hellip\"> [\u2026]<\/span><\/p>\n","protected":false},"author":1,"featured_media":0,"parent":0,"menu_order":0,"comment_status":"closed","ping_status":"closed","template":"","meta":{"footnotes":""},"class_list":["post-2871","page","type-page","status-publish","hentry"],"_links":{"self":[{"href":"https:\/\/www.101design.ca\/en\/wp-json\/wp\/v2\/pages\/2871","targetHints":{"allow":["GET"]}}],"collection":[{"href":"https:\/\/www.101design.ca\/en\/wp-json\/wp\/v2\/pages"}],"about":[{"href":"https:\/\/www.101design.ca\/en\/wp-json\/wp\/v2\/types\/page"}],"author":[{"embeddable":true,"href":"https:\/\/www.101design.ca\/en\/wp-json\/wp\/v2\/users\/1"}],"replies":[{"embeddable":true,"href":"https:\/\/www.101design.ca\/en\/wp-json\/wp\/v2\/comments?post=2871"}],"version-history":[{"count":3,"href":"https:\/\/www.101design.ca\/en\/wp-json\/wp\/v2\/pages\/2871\/revisions"}],"predecessor-version":[{"id":2975,"href":"https:\/\/www.101design.ca\/en\/wp-json\/wp\/v2\/pages\/2871\/revisions\/2975"}],"wp:attachment":[{"href":"https:\/\/www.101design.ca\/en\/wp-json\/wp\/v2\/media?parent=2871"}],"curies":[{"name":"wp","href":"https:\/\/api.w.org\/{rel}","templated":true}]}}